{"id":16,"date":"2025-06-26T19:40:58","date_gmt":"2025-06-26T19:40:58","guid":{"rendered":"https:\/\/proca.site\/?page_id=16"},"modified":"2025-07-21T18:23:49","modified_gmt":"2025-07-21T18:23:49","slug":"strona-glowna","status":"publish","type":"page","link":"https:\/\/proca.site\/","title":{"rendered":"Pozytywnie zakr\u0119ceni muzycy z Wa\u0142brzycha."},"content":{"rendered":"\n<p class=\"has-text-color has-link-color wp-elements-debd0207ed6490f253eccc4daf3c662c\" style=\"color:#0720e3\">Muzycy z wieloletnim do\u015bwiadczeniem scenicznym<\/p>\n\n\n\n<p class=\"has-text-color has-link-color wp-elements-bdb0755c384f0a7730d38406a024eaa2\" style=\"color:#0720e3\">Mamy za sob\u0105:&nbsp;<\/p>\n\n\n\n<p class=\"has-text-color has-link-color wp-elements-56b9a0d7a2dee61984cafc96e18f97e8\" style=\"color:#0720e3\">Wyst\u0119py na festiwalach.<\/p>\n\n\n\n<p class=\"has-text-color has-link-color wp-elements-fb42f63111a0825c0fe77c51098b4e6a\" style=\"color:#0720e3\">Wyst\u0119py w klubach muzycznych.<\/p>\n\n\n\n<p class=\"has-text-color has-link-color wp-elements-2112611fac89f630946443d61c69cc29\" style=\"color:#0720e3\">Koncerty charytatywne.<\/p>\n\n\n\n<p class=\"has-text-color has-link-color wp-elements-05fed6577b23e8b3034227c9934aca7e\" style=\"color:#0720e3\">Wykonujemy utwory autorskie jak r\u00f3wnie\u017c i covery.<\/p>\n\n\n\n<p class=\"has-text-color has-link-color wp-elements-84159222275724f2b92b28a95921c90d\" style=\"color:#0720e3\">Nasza muzyka niesie pozytywny przekaz, nafaszerowany rockowym brzmieniem.<\/p>\n","protected":false},"excerpt":{"rendered":"<p>Muzycy z wieloletnim do\u015bwiadczeniem scenicznym Mamy za sob\u0105:&nbsp; Wyst\u0119py na festiwalach. Wyst\u0119py w klubach muzycznych. Koncerty charytatywne. Wykonujemy utwory autorskie jak r\u00f3wnie\u017c i covery. Nasza muzyka niesie pozytywny przekaz, nafaszerowany rockowym brzmieniem.<\/p>\n","protected":false},"author":1,"featured_media":0,"parent":0,"menu_order":0,"comment_status":"closed","ping_status":"closed","template":"","meta":{"footnotes":""},"class_list":["post-16","page","type-page","status-publish","hentry"],"_links":{"self":[{"href":"https:\/\/proca.site\/index.php?rest_route=\/wp\/v2\/pages\/16","targetHints":{"allow":["GET"]}}],"collection":[{"href":"https:\/\/proca.site\/index.php?rest_route=\/wp\/v2\/pages"}],"about":[{"href":"https:\/\/proca.site\/index.php?rest_route=\/wp\/v2\/types\/page"}],"author":[{"embeddable":true,"href":"https:\/\/proca.site\/index.php?rest_route=\/wp\/v2\/users\/1"}],"replies":[{"embeddable":true,"href":"https:\/\/proca.site\/index.php?rest_route=%2Fwp%2Fv2%2Fcomments&post=16"}],"version-history":[{"count":7,"href":"https:\/\/proca.site\/index.php?rest_route=\/wp\/v2\/pages\/16\/revisions"}],"predecessor-version":[{"id":85,"href":"https:\/\/proca.site\/index.php?rest_route=\/wp\/v2\/pages\/16\/revisions\/85"}],"wp:attachment":[{"href":"https:\/\/proca.site\/index.php?rest_route=%2Fwp%2Fv2%2Fmedia&parent=16"}],"curies":[{"name":"wp","href":"https:\/\/api.w.org\/{rel}","templated":true}]}}